{"id":98,"date":"2016-09-17T17:50:44","date_gmt":"2016-09-17T16:50:44","guid":{"rendered":"http:\/\/192.168.0.3\/wordpress\/?page_id=98"},"modified":"2021-12-13T22:43:29","modified_gmt":"2021-12-13T20:43:29","slug":"ausstattung","status":"publish","type":"page","link":"https:\/\/mgf-lab.mgf-kulmbach.de\/index.php\/ausstattung\/","title":{"rendered":"Ausstattung"},"content":{"rendered":"<p style=\"text-align: justify;\">Die Ausstattung unseres MGF-Labs w\u00e4chst kontinuierlich. Angefangen hat alles mit drei 3D-Druckern der Firma <a href=\"https:\/\/mgf-lab.mgf-kulmbach.de\/index.php\/ausstattung\/3d-drucker\/\">Ultimaker<\/a>, dann kamen ein <a href=\"https:\/\/mgf-lab.mgf-kulmbach.de\/index.php\/ausstattung\/3d-scanner\/\">Laserlinienscanner<\/a> und ein <a href=\"https:\/\/mgf-lab.mgf-kulmbach.de\/index.php\/ausstattung\/3d-scanner\/\">Tiefenscanner<\/a> hinzu, 18 aus den Informatikr\u00e4umen ausgemusterte Laptops wurden mit Linux aufgesetzt und dadurch wieder flott gemacht.<\/p>\n<p>In der Zwischenzeit sind seit 2021 die Ultimaker und Makerbot Drucker durch <a href=\"https:\/\/mgf-lab.mgf-kulmbach.de\/index.php\/2020\/05\/08\/4-weitere-3d-drucker\/\" target=\"_blank\" rel=\"noopener noreferrer\">Creality Ender3 Pro und Ender 5<\/a> ersetzt. Auch die Laptops wurden durch <a href=\"https:\/\/mgf-lab.mgf-kulmbach.de\/index.php\/2021\/11\/30\/neue-rechner-im-lab-neues-linux\/\" target=\"_blank\" rel=\"noopener noreferrer\">neue alte aus den Informatikr\u00e4umen<\/a> ersetzt, wobei diese wieder mit einem aktuellen Linux (Zorin OS) gangbar gemacht wurden.<\/p>\n<p style=\"text-align: justify;\">Durch gro\u00dfz\u00fcgige Spenden konnten <a href=\"https:\/\/mgf-lab.mgf-kulmbach.de\/index.php\/ausstattung\/mechanik\/\">mechanische Werkzeuge<\/a> wie beispielsweise Feilen, Bohrer, Schraubendreher, Akkuschrauber, St\u00e4nderbohmaschine und Entgrater gekauft werden.<\/p>\n<p style=\"text-align: justify;\">Ein <a href=\"https:\/\/mgf-lab.mgf-kulmbach.de\/index.php\/ausstattung\/schneidplotter\/\">Schneidplotter<\/a> mit Scanfunktion der Firma Brother steht uns ebenfalls zur Verf\u00fcgung. Textilien lassen sich nach den Schneiden von Flexfolie mit Hilfe unserer <a href=\"https:\/\/mgf-lab.mgf-kulmbach.de\/index.php\/ausstattung\/transferpresse\/\">Transferpresse<\/a> versch\u00f6nern.<\/p>\n<p style=\"text-align: justify;\">Schlie\u00dflich ist durch eine Spende des Lionsclubs Bayreuth-Kulmbach auch noch ein <a href=\"https:\/\/mgf-lab.mgf-kulmbach.de\/index.php\/ausstattung\/lasercutter\/\">Lasercutter <\/a>dazugekommen.<\/p>\n<p style=\"text-align: justify;\">F\u00fcr <a href=\"https:\/\/mgf-lab.mgf-kulmbach.de\/index.php\/ausstattung\/elektronik\/\">elektronische Basteleien<\/a> stehen uns ein zweikanaliges digitales Speicheroszillioskop Oszilloskop, mehrere Multimeter, eine Weller L\u00f6station und eine Entl\u00f6tstation zur Verf\u00fcgung. Daneben noch mehrere Arduino Microcontroller Sets mit einer gro\u00dfer Auswahl an Sensoren und Aktoren.<\/p>\n<p>F\u00fcr kleinere Fr\u00e4sarbeiten k\u00f6nnen wir unsere CNC Fr\u00e4se Genmitsu 3018 benutzen, eine gro\u00dfe CNC Fr\u00e4se mit einer 1m<sup>2<\/sup> gro\u00dfen Arbeitsfl\u00e4che ist gerade im Aufbau.<\/p>\n<p><a href=\"https:\/\/mgf-lab.mgf-kulmbach.de\/wp-content\/uploads\/2020\/05\/4Ender_6.jpg\"><img decoding=\"async\" loading=\"lazy\" class=\"wp-image-1882  alignleft\" src=\"https:\/\/mgf-lab.mgf-kulmbach.de\/wp-content\/uploads\/2020\/05\/4Ender_6-200x300.jpg\" alt=\"\" width=\"120\" height=\"176\" \/><\/a> <a href=\"https:\/\/mgf-lab.mgf-kulmbach.de\/wp-content\/uploads\/2016\/09\/IMG_2438.jpg\"><img decoding=\"async\" loading=\"lazy\" class=\"alignnone wp-image-302\" src=\"https:\/\/mgf-lab.mgf-kulmbach.de\/wp-content\/uploads\/2016\/09\/IMG_2438-300x224.jpg\" alt=\"IMG_2438\" width=\"140\" height=\"106\" srcset=\"https:\/\/mgf-lab.mgf-kulmbach.de\/wp-content\/uploads\/2016\/09\/IMG_2438-300x224.jpg 300w, https:\/\/mgf-lab.mgf-kulmbach.de\/wp-content\/uploads\/2016\/09\/IMG_2438-768x574.jpg 768w, https:\/\/mgf-lab.mgf-kulmbach.de\/wp-content\/uploads\/2016\/09\/IMG_2438-1024x765.jpg 1024w\" sizes=\"(max-width: 140px) 100vw, 140px\" \/><\/a> <a href=\"https:\/\/mgf-lab.mgf-kulmbach.de\/wp-content\/uploads\/2016\/09\/IMG_2441.jpg\"><img decoding=\"async\" loading=\"lazy\" class=\"alignnone wp-image-304\" src=\"https:\/\/mgf-lab.mgf-kulmbach.de\/wp-content\/uploads\/2016\/09\/IMG_2441-300x224.jpg\" alt=\"IMG_2441\" width=\"140\" height=\"106\" srcset=\"https:\/\/mgf-lab.mgf-kulmbach.de\/wp-content\/uploads\/2016\/09\/IMG_2441-300x224.jpg 300w, https:\/\/mgf-lab.mgf-kulmbach.de\/wp-content\/uploads\/2016\/09\/IMG_2441-768x574.jpg 768w, https:\/\/mgf-lab.mgf-kulmbach.de\/wp-content\/uploads\/2016\/09\/IMG_2441-1024x765.jpg 1024w\" sizes=\"(max-width: 140px) 100vw, 140px\" \/><\/a> <a href=\"https:\/\/mgf-lab.mgf-kulmbach.de\/wp-content\/uploads\/2016\/09\/IMG_2444.jpg\"><img decoding=\"async\" loading=\"lazy\" class=\"alignnone wp-image-305\" src=\"https:\/\/mgf-lab.mgf-kulmbach.de\/wp-content\/uploads\/2016\/09\/IMG_2444-300x224.jpg\" alt=\"IMG_2444\" width=\"140\" height=\"106\" srcset=\"https:\/\/mgf-lab.mgf-kulmbach.de\/wp-content\/uploads\/2016\/09\/IMG_2444-300x224.jpg 300w, https:\/\/mgf-lab.mgf-kulmbach.de\/wp-content\/uploads\/2016\/09\/IMG_2444-768x574.jpg 768w, https:\/\/mgf-lab.mgf-kulmbach.de\/wp-content\/uploads\/2016\/09\/IMG_2444-1024x765.jpg 1024w\" sizes=\"(max-width: 140px) 100vw, 140px\" \/><\/a> <a href=\"https:\/\/mgf-lab.mgf-kulmbach.de\/wp-content\/uploads\/2016\/09\/IMG_2440.jpg\"><img decoding=\"async\" loading=\"lazy\" class=\"alignnone wp-image-303\" src=\"https:\/\/mgf-lab.mgf-kulmbach.de\/wp-content\/uploads\/2016\/09\/IMG_2440-300x224.jpg\" alt=\"IMG_2440\" width=\"140\" height=\"106\" srcset=\"https:\/\/mgf-lab.mgf-kulmbach.de\/wp-content\/uploads\/2016\/09\/IMG_2440-300x224.jpg 300w, https:\/\/mgf-lab.mgf-kulmbach.de\/wp-content\/uploads\/2016\/09\/IMG_2440-768x574.jpg 768w, https:\/\/mgf-lab.mgf-kulmbach.de\/wp-content\/uploads\/2016\/09\/IMG_2440-1024x765.jpg 1024w\" sizes=\"(max-width: 140px) 100vw, 140px\" \/><\/a> <a href=\"https:\/\/mgf-lab.mgf-kulmbach.de\/wp-content\/uploads\/2016\/09\/IMG_2448.jpg\"><img decoding=\"async\" loading=\"lazy\" class=\"alignnone wp-image-307\" src=\"https:\/\/mgf-lab.mgf-kulmbach.de\/wp-content\/uploads\/2016\/09\/IMG_2448-300x224.jpg\" alt=\"IMG_2448\" width=\"140\" height=\"106\" srcset=\"https:\/\/mgf-lab.mgf-kulmbach.de\/wp-content\/uploads\/2016\/09\/IMG_2448-300x224.jpg 300w, https:\/\/mgf-lab.mgf-kulmbach.de\/wp-content\/uploads\/2016\/09\/IMG_2448-768x574.jpg 768w, https:\/\/mgf-lab.mgf-kulmbach.de\/wp-content\/uploads\/2016\/09\/IMG_2448-1024x765.jpg 1024w\" sizes=\"(max-width: 140px) 100vw, 140px\" \/><\/a> <a href=\"https:\/\/mgf-lab.mgf-kulmbach.de\/wp-content\/uploads\/2021\/11\/Zorin.png\"><img decoding=\"async\" loading=\"lazy\" class=\"wp-image-2051  alignleft\" src=\"https:\/\/mgf-lab.mgf-kulmbach.de\/wp-content\/uploads\/2021\/11\/Zorin-300x169.png\" alt=\"\" width=\"171\" height=\"99\" \/><\/a> <a href=\"https:\/\/mgf-lab.mgf-kulmbach.de\/wp-content\/uploads\/2016\/09\/mrbeam2.jpg\"><img decoding=\"async\" loading=\"lazy\" class=\"alignnone wp-image-283\" src=\"https:\/\/mgf-lab.mgf-kulmbach.de\/wp-content\/uploads\/2016\/09\/mrbeam2-300x181.jpg\" alt=\"mrbeam2\" width=\"140\" height=\"89\" \/> <img decoding=\"async\" loading=\"lazy\" class=\"alignnone wp-image-870\" src=\"https:\/\/mgf-lab.mgf-kulmbach.de\/wp-content\/uploads\/2017\/11\/cm900-300x300.jpg\" alt=\"cm900\" width=\"136\" height=\"136\" srcset=\"https:\/\/mgf-lab.mgf-kulmbach.de\/wp-content\/uploads\/2017\/11\/cm900-300x300.jpg 300w, https:\/\/mgf-lab.mgf-kulmbach.de\/wp-content\/uploads\/2017\/11\/cm900-150x150.jpg 150w, https:\/\/mgf-lab.mgf-kulmbach.de\/wp-content\/uploads\/2017\/11\/cm900-120x120.jpg 120w, https:\/\/mgf-lab.mgf-kulmbach.de\/wp-content\/uploads\/2017\/11\/cm900.jpg 320w\" sizes=\"(max-width: 136px) 100vw, 136px\" \/><\/a><\/p>\n<p><a href=\"https:\/\/mgf-lab.mgf-kulmbach.de\/wp-content\/uploads\/2019\/03\/Pixmax.jpg\"><img decoding=\"async\" loading=\"lazy\" class=\"wp-image-1468 alignleft\" src=\"https:\/\/mgf-lab.mgf-kulmbach.de\/wp-content\/uploads\/2019\/03\/Pixmax.jpg\" alt=\"Pixmax\" width=\"129\" height=\"129\" srcset=\"https:\/\/mgf-lab.mgf-kulmbach.de\/wp-content\/uploads\/2019\/03\/Pixmax.jpg 140w, https:\/\/mgf-lab.mgf-kulmbach.de\/wp-content\/uploads\/2019\/03\/Pixmax-120x120.jpg 120w\" sizes=\"(max-width: 129px) 100vw, 129px\" \/><\/a><\/p>\n","protected":false},"excerpt":{"rendered":"<p>Die Ausstattung unseres MGF-Labs w\u00e4chst kontinuierlich. Angefangen hat alles mit drei 3D-Druckern der Firma Ultimaker, dann kamen ein Laserlinienscanner und ein Tiefenscanner hinzu, 18 aus den Informatikr\u00e4umen ausgemusterte Laptops wurden mit Linux aufgesetzt und dadurch wieder flott gemacht. In der Zwischenzeit sind seit 2021 die Ultimaker und Makerbot Drucker durch Creality Ender3 Pro und Ender 5 ersetzt. Auch die Laptops wurden durch neue alte aus den Informatikr\u00e4umen ersetzt, wobei diese wieder mit einem aktuellen Linux (Zorin OS) gangbar gemacht wurden&#8230;.<\/p>\n<p class=\"read-more\"><a class=\"btn btn-default\" href=\"https:\/\/mgf-lab.mgf-kulmbach.de\/index.php\/ausstattung\/\">Weiterlesen<span class=\"screen-reader-text\"> Weiterlesen<\/span><\/a><\/p>\n","protected":false},"author":1,"featured_media":0,"parent":0,"menu_order":0,"comment_status":"closed","ping_status":"closed","template":"sidebar-page.php","meta":[],"_links":{"self":[{"href":"https:\/\/mgf-lab.mgf-kulmbach.de\/index.php\/wp-json\/wp\/v2\/pages\/98"}],"collection":[{"href":"https:\/\/mgf-lab.mgf-kulmbach.de\/index.php\/wp-json\/wp\/v2\/pages"}],"about":[{"href":"https:\/\/mgf-lab.mgf-kulmbach.de\/index.php\/wp-json\/wp\/v2\/types\/page"}],"author":[{"embeddable":true,"href":"https:\/\/mgf-lab.mgf-kulmbach.de\/index.php\/wp-json\/wp\/v2\/users\/1"}],"replies":[{"embeddable":true,"href":"https:\/\/mgf-lab.mgf-kulmbach.de\/index.php\/wp-json\/wp\/v2\/comments?post=98"}],"version-history":[{"count":21,"href":"https:\/\/mgf-lab.mgf-kulmbach.de\/index.php\/wp-json\/wp\/v2\/pages\/98\/revisions"}],"predecessor-version":[{"id":2106,"href":"https:\/\/mgf-lab.mgf-kulmbach.de\/index.php\/wp-json\/wp\/v2\/pages\/98\/revisions\/2106"}],"wp:attachment":[{"href":"https:\/\/mgf-lab.mgf-kulmbach.de\/index.php\/wp-json\/wp\/v2\/media?parent=98"}],"curies":[{"name":"wp","href":"https:\/\/api.w.org\/{rel}","templated":true}]}}