{"id":92,"date":"2016-09-17T17:11:18","date_gmt":"2016-09-17T16:11:18","guid":{"rendered":"http:\/\/192.168.0.3\/wordpress\/?page_id=92"},"modified":"2016-09-21T21:08:51","modified_gmt":"2016-09-21T20:08:51","slug":"leitgedanke","status":"publish","type":"page","link":"https:\/\/mgf-lab.mgf-kulmbach.de\/index.php\/startseite\/leitgedanke\/","title":{"rendered":"Leitgedanke"},"content":{"rendered":"<p class=\"western\" style=\"text-align: justify;\">In der Zeitschrift <a href=\"http:\/\/www.heise.de\/make\/inhalt\/2016\/4\/4\/\" target=\"_blank\">c&#8217;t Make: 4\/2016<\/a> schrieb der Redakteur Florian Sch\u00e4ffer im Editorial \u00fcber Dinge, die unserer Meinung nach dem Technikunterricht f\u00fcr unsere Sch\u00fclerinnen und Sch\u00fcler am MGF auf ihrem Weg zu m\u00fcndigen, selbstbestimmten und optimistischen jungen Menschen zu Grunde liegen sollten:<\/p>\n<blockquote>\n<h2 class=\"western\">Mut zur L\u00fccke!<\/h2>\n<p style=\"text-align: justify;\">\u201eMaker\u201c sind f\u00fcr mich Menschen, die einfach mal etwas machen. Weil es Spa\u00df macht, weil sie es k\u00f6nnen \u2013 oder auch gerade, weil sie es (noch) nicht k\u00f6nnen, weil es verr\u00fcckt ist oder um die Welt zu ver\u00e4ndern. Der Anglizismus mag nicht jedermanns Geschmack sein, aber er ist so weit gefasst, dass sich jede und jeder darin wiederfinden kann \u2013 ebenso wie in unserem Titel \u201eKreativ mit Technik\u201c.<\/p>\n<p style=\"text-align: justify;\">Ein Hauptmerkmal von Makern ist, dass nicht alles perfekt sein muss. Hauptsache, es hat Spa\u00df gemacht und es funktioniert (wenigstens halbwegs) und vielleicht wurde dabei etwas f\u00fcrs n\u00e4chste Mal gelernt. Vermutlich gibt es irgendwo eine perfekte L\u00f6sung \u2013 aber das ist nicht meine. Ich pers\u00f6nlich erfinde das Rad lieber neu und breche mir die Finger an meinen eigenen Routinen, als auf fertige Libraries und Shields zur\u00fcckzugreifen. Das Ergebnis ist weit entfernt vom Optimum \u2013 aber es macht gr\u00f6\u00dftenteils, was es soll, und ich lerne dabei viel \u2013 \u00fcber die Technik und \u00fcber mich. Manchmal habe ich sogar mit einem unzul\u00e4nglichen Konzept angefangen und bin dann so stur, dass ich erst einmal sehen will, was damit geht \u2013 verbessern kann ich es sp\u00e4ter noch immer.<\/p>\n<p style=\"text-align: justify;\">Wir von der Redaktion sind keine Experten auf jedem Gebiet und arbeiten uns t\u00e4glich in eine F\u00fclle von Themen ein \u2013 mal gelingt uns das gut, manchmal liegen wir daneben. Wir wollen trotzdem Ideen und m\u00f6gliche Herangehensweisen liefern und keine fertigen Rundum-sorglos-L\u00f6sungen. Von perfekten L\u00f6sungen zu berichten ist oft langweilig. \u00dcber (die eigenen) Experimente und Fehlschl\u00e4ge zu berichten erfordert etwas Courage \u2013 gerade auch in einer Welt, in der der Trend zum self-optimizing uns glauben machen will, wir alle k\u00f6nnen und sollten Geist und K\u00f6rper auf ein dem Ideal entsprechend fehlerfreies Niveau vervollkommnen.<\/p>\n<p style=\"text-align: justify;\">In diesem Sinne: Machen Sie es gut!<\/p>\n<h4 class=\"western\">Florian Sch\u00e4ffer<\/h4>\n<\/blockquote>\n<p>&nbsp;<\/p>\n<p>Dem ist nichts hinzuzuf\u00fcgen&#8230;<\/p>\n","protected":false},"excerpt":{"rendered":"<p>In der Zeitschrift c&#8217;t Make: 4\/2016 schrieb der Redakteur Florian Sch\u00e4ffer im Editorial \u00fcber Dinge, die unserer Meinung nach dem Technikunterricht f\u00fcr unsere Sch\u00fclerinnen und Sch\u00fcler am MGF auf ihrem Weg zu m\u00fcndigen, selbstbestimmten und optimistischen jungen Menschen zu Grunde liegen sollten: Mut zur L\u00fccke! \u201eMaker\u201c sind f\u00fcr mich Menschen, die einfach mal etwas machen. Weil es Spa\u00df macht, weil sie es k\u00f6nnen \u2013 oder auch gerade, weil sie es (noch) nicht k\u00f6nnen, weil es verr\u00fcckt ist oder um die&#8230;<\/p>\n<p class=\"read-more\"><a class=\"btn btn-default\" href=\"https:\/\/mgf-lab.mgf-kulmbach.de\/index.php\/startseite\/leitgedanke\/\">Weiterlesen<span class=\"screen-reader-text\"> Weiterlesen<\/span><\/a><\/p>\n","protected":false},"author":1,"featured_media":0,"parent":75,"menu_order":0,"comment_status":"closed","ping_status":"closed","template":"sidebar-page.php","meta":[],"_links":{"self":[{"href":"https:\/\/mgf-lab.mgf-kulmbach.de\/index.php\/wp-json\/wp\/v2\/pages\/92"}],"collection":[{"href":"https:\/\/mgf-lab.mgf-kulmbach.de\/index.php\/wp-json\/wp\/v2\/pages"}],"about":[{"href":"https:\/\/mgf-lab.mgf-kulmbach.de\/index.php\/wp-json\/wp\/v2\/types\/page"}],"author":[{"embeddable":true,"href":"https:\/\/mgf-lab.mgf-kulmbach.de\/index.php\/wp-json\/wp\/v2\/users\/1"}],"replies":[{"embeddable":true,"href":"https:\/\/mgf-lab.mgf-kulmbach.de\/index.php\/wp-json\/wp\/v2\/comments?post=92"}],"version-history":[{"count":10,"href":"https:\/\/mgf-lab.mgf-kulmbach.de\/index.php\/wp-json\/wp\/v2\/pages\/92\/revisions"}],"predecessor-version":[{"id":279,"href":"https:\/\/mgf-lab.mgf-kulmbach.de\/index.php\/wp-json\/wp\/v2\/pages\/92\/revisions\/279"}],"up":[{"embeddable":true,"href":"https:\/\/mgf-lab.mgf-kulmbach.de\/index.php\/wp-json\/wp\/v2\/pages\/75"}],"wp:attachment":[{"href":"https:\/\/mgf-lab.mgf-kulmbach.de\/index.php\/wp-json\/wp\/v2\/media?parent=92"}],"curies":[{"name":"wp","href":"https:\/\/api.w.org\/{rel}","templated":true}]}}