{"id":876,"date":"2017-11-12T21:54:06","date_gmt":"2017-11-12T20:54:06","guid":{"rendered":"http:\/\/mgf-lab.mgf-kulmbach.de\/?page_id=876"},"modified":"2017-11-12T21:54:06","modified_gmt":"2017-11-12T20:54:06","slug":"schneidplotter","status":"publish","type":"page","link":"https:\/\/mgf-lab.mgf-kulmbach.de\/index.php\/ausstattung\/schneidplotter\/","title":{"rendered":"Schneidplotter"},"content":{"rendered":"<p style=\"text-align: justify;\">Zur Umsetzung eigener kreativer Ideen wie beispielsweise Design und Erstellung von\u00a0 Aufklebern, Geschenkkarten, Wandtatoos, Stoffapplikationen, Scrapbooks, Aufb\u00fcgelfolien f\u00fcr Kleidung, Beschriftungen f\u00fcr Ger\u00e4tschaften und Sammelboxen steht uns ein CM900 Schneidplotter der Firma Brother zur Verf\u00fcgung.<\/p>\n<p style=\"text-align: justify;\">Die Besonderheit der CM-Reihe ist der eingebaute Scanner, mit dem sich etwa zuvor auf Folie gedruckte Designs einscannen und millimetergenau ausschneiden lassen oder Materialreste aus vorausgegangenen Arbeiten wiederverwenden lassen durch punktgenaue Platzierung neuer Designs auf eben diesen Materialresten.<\/p>\n<p style=\"text-align: justify;\">Softwareseitig nutzen wir im MGF-Lab die freien Bildbearbeitungsl\u00f6sungen <a href=\"https:\/\/www.gimp.org\/\" target=\"_blank\">GIMP<\/a> f\u00fcr Pixelgrafiken und <a href=\"https:\/\/inkscape.org\/de\/\" target=\"_blank\">Inkscape<\/a> f\u00fcr die Erstellung und Bearbeitung von Pfaden.<\/p>\n<p style=\"text-align: justify;\"><img decoding=\"async\" loading=\"lazy\" class=\"size-medium wp-image-870 aligncenter\" src=\"https:\/\/mgf-lab.mgf-kulmbach.de\/wp-content\/uploads\/2017\/11\/cm900-300x300.jpg\" alt=\"cm900\" width=\"300\" height=\"300\" srcset=\"https:\/\/mgf-lab.mgf-kulmbach.de\/wp-content\/uploads\/2017\/11\/cm900-300x300.jpg 300w, https:\/\/mgf-lab.mgf-kulmbach.de\/wp-content\/uploads\/2017\/11\/cm900-150x150.jpg 150w, https:\/\/mgf-lab.mgf-kulmbach.de\/wp-content\/uploads\/2017\/11\/cm900-120x120.jpg 120w, https:\/\/mgf-lab.mgf-kulmbach.de\/wp-content\/uploads\/2017\/11\/cm900.jpg 320w\" sizes=\"(max-width: 300px) 100vw, 300px\" \/><\/p>\n","protected":false},"excerpt":{"rendered":"<p>Zur Umsetzung eigener kreativer Ideen wie beispielsweise Design und Erstellung von\u00a0 Aufklebern, Geschenkkarten, Wandtatoos, Stoffapplikationen, Scrapbooks, Aufb\u00fcgelfolien f\u00fcr Kleidung, Beschriftungen f\u00fcr Ger\u00e4tschaften und Sammelboxen steht uns ein CM900 Schneidplotter der Firma Brother zur Verf\u00fcgung. Die Besonderheit der CM-Reihe ist der eingebaute Scanner, mit dem sich etwa zuvor auf Folie gedruckte Designs einscannen und millimetergenau ausschneiden lassen oder Materialreste aus vorausgegangenen Arbeiten wiederverwenden lassen durch punktgenaue Platzierung neuer Designs auf eben diesen Materialresten. Softwareseitig nutzen wir im MGF-Lab die freien Bildbearbeitungsl\u00f6sungen&#8230;<\/p>\n<p class=\"read-more\"><a class=\"btn btn-default\" href=\"https:\/\/mgf-lab.mgf-kulmbach.de\/index.php\/ausstattung\/schneidplotter\/\">Weiterlesen<span class=\"screen-reader-text\"> Weiterlesen<\/span><\/a><\/p>\n","protected":false},"author":1,"featured_media":0,"parent":98,"menu_order":0,"comment_status":"closed","ping_status":"closed","template":"sidebar-page.php","meta":[],"_links":{"self":[{"href":"https:\/\/mgf-lab.mgf-kulmbach.de\/index.php\/wp-json\/wp\/v2\/pages\/876"}],"collection":[{"href":"https:\/\/mgf-lab.mgf-kulmbach.de\/index.php\/wp-json\/wp\/v2\/pages"}],"about":[{"href":"https:\/\/mgf-lab.mgf-kulmbach.de\/index.php\/wp-json\/wp\/v2\/types\/page"}],"author":[{"embeddable":true,"href":"https:\/\/mgf-lab.mgf-kulmbach.de\/index.php\/wp-json\/wp\/v2\/users\/1"}],"replies":[{"embeddable":true,"href":"https:\/\/mgf-lab.mgf-kulmbach.de\/index.php\/wp-json\/wp\/v2\/comments?post=876"}],"version-history":[{"count":4,"href":"https:\/\/mgf-lab.mgf-kulmbach.de\/index.php\/wp-json\/wp\/v2\/pages\/876\/revisions"}],"predecessor-version":[{"id":880,"href":"https:\/\/mgf-lab.mgf-kulmbach.de\/index.php\/wp-json\/wp\/v2\/pages\/876\/revisions\/880"}],"up":[{"embeddable":true,"href":"https:\/\/mgf-lab.mgf-kulmbach.de\/index.php\/wp-json\/wp\/v2\/pages\/98"}],"wp:attachment":[{"href":"https:\/\/mgf-lab.mgf-kulmbach.de\/index.php\/wp-json\/wp\/v2\/media?parent=876"}],"curies":[{"name":"wp","href":"https:\/\/api.w.org\/{rel}","templated":true}]}}