{"id":75,"date":"2016-01-29T23:46:10","date_gmt":"2016-01-29T22:46:10","guid":{"rendered":"http:\/\/192.168.0.3\/wordpress\/?page_id=75"},"modified":"2023-07-09T13:15:09","modified_gmt":"2023-07-09T12:15:09","slug":"startseite","status":"publish","type":"page","link":"https:\/\/mgf-lab.mgf-kulmbach.de\/","title":{"rendered":"unser MGF-Lab"},"content":{"rendered":"<h2>Herzlich willkommen!<a href=\"https:\/\/mgf-lab.mgf-kulmbach.de\/wp-content\/uploads\/2016\/01\/mgf_robotik_logo___alte_schrift_by_kamik423-d82f1oj.png-e1474126923146.jpeg\"><img decoding=\"async\" loading=\"lazy\" class=\"wp-image-36 size-medium alignright\" src=\"https:\/\/mgf-lab.mgf-kulmbach.de\/wp-content\/uploads\/2016\/01\/mgf_robotik_logo___alte_schrift_by_kamik423-d82f1oj.png-199x300.jpeg\" width=\"199\" height=\"300\" \/><\/a><\/h2>\n<p style=\"text-align: justify;\">Auf diesen Seiten gibt es alle wichtigen Infos und Neuigkeiten zu unserem MGF-Lab, dem Hightech-Labor des Markgraf-Georg-Friedrich Gymnasiums in Kulmbach.<\/p>\n<ul>\n<li style=\"text-align: left; padding-left: 30px;\"><a href=\"https:\/\/mgf-lab.mgf-kulmbach.de\/index.php\/startseite\/geschichte\/\">Geschichte<\/a><\/li>\n<li style=\"text-align: left; padding-left: 30px;\"><a href=\"https:\/\/mgf-lab.mgf-kulmbach.de\/index.php\/startseite\/leitgedanke\/\">Leitgedanke<\/a><\/li>\n<li style=\"text-align: left; padding-left: 30px;\"><a href=\"https:\/\/mgf-lab.mgf-kulmbach.de\/index.php\/projekte\/\">aktuelle Projekte<\/a><\/li>\n<\/ul>\n<p style=\"text-align: justify;\">F\u00fcr eine \u00dcbersicht \u00fcber aktuelle Neuigkeiten und unsere Ausstattung benutzen Sie bitte die Reiter oben auf der Seite.<\/p>\n","protected":false},"excerpt":{"rendered":"<p>Herzlich willkommen! Auf diesen Seiten gibt es alle wichtigen Infos und Neuigkeiten zu unserem MGF-Lab, dem Hightech-Labor des Markgraf-Georg-Friedrich Gymnasiums in Kulmbach. Geschichte Leitgedanke aktuelle Projekte F\u00fcr eine \u00dcbersicht \u00fcber aktuelle Neuigkeiten und unsere Ausstattung benutzen Sie bitte die Reiter oben auf der Seite.<\/p>\n","protected":false},"author":1,"featured_media":0,"parent":0,"menu_order":0,"comment_status":"closed","ping_status":"closed","template":"sidebar-page.php","meta":[],"_links":{"self":[{"href":"https:\/\/mgf-lab.mgf-kulmbach.de\/index.php\/wp-json\/wp\/v2\/pages\/75"}],"collection":[{"href":"https:\/\/mgf-lab.mgf-kulmbach.de\/index.php\/wp-json\/wp\/v2\/pages"}],"about":[{"href":"https:\/\/mgf-lab.mgf-kulmbach.de\/index.php\/wp-json\/wp\/v2\/types\/page"}],"author":[{"embeddable":true,"href":"https:\/\/mgf-lab.mgf-kulmbach.de\/index.php\/wp-json\/wp\/v2\/users\/1"}],"replies":[{"embeddable":true,"href":"https:\/\/mgf-lab.mgf-kulmbach.de\/index.php\/wp-json\/wp\/v2\/comments?post=75"}],"version-history":[{"count":16,"href":"https:\/\/mgf-lab.mgf-kulmbach.de\/index.php\/wp-json\/wp\/v2\/pages\/75\/revisions"}],"predecessor-version":[{"id":2235,"href":"https:\/\/mgf-lab.mgf-kulmbach.de\/index.php\/wp-json\/wp\/v2\/pages\/75\/revisions\/2235"}],"wp:attachment":[{"href":"https:\/\/mgf-lab.mgf-kulmbach.de\/index.php\/wp-json\/wp\/v2\/media?parent=75"}],"curies":[{"name":"wp","href":"https:\/\/api.w.org\/{rel}","templated":true}]}}