{"id":134,"date":"2016-09-17T18:28:32","date_gmt":"2016-09-17T17:28:32","guid":{"rendered":"http:\/\/192.168.0.3\/wordpress\/?page_id=134"},"modified":"2018-05-12T21:04:04","modified_gmt":"2018-05-12T19:04:04","slug":"lasercutter","status":"publish","type":"page","link":"https:\/\/mgf-lab.mgf-kulmbach.de\/index.php\/ausstattung\/lasercutter\/","title":{"rendered":"Lasercutter"},"content":{"rendered":"<p style=\"text-align: justify;\">In unserem MGF-Lab steht seit M\u00e4rz 2018 ein\u00a0 <a href=\"https:\/\/www.kickstarter.com\/projects\/mrbeam\/mr-beam-ii-the-desktop-laser-cutter-and-engraver\/description\" target=\"_blank\">Mr. Beam II <\/a>Lasercutter. Der Laserschneider und -gravierer arbeitet mit einem 5W Festk\u00f6rperlaser, der im sichtbaren blauen Wellenl\u00e4ngenbereich emittiert.<\/p>\n<p style=\"text-align: justify;\"><a href=\"https:\/\/mgf-lab.mgf-kulmbach.de\/wp-content\/uploads\/2016\/09\/mrbeam2.jpg\"><img decoding=\"async\" loading=\"lazy\" class=\"aligncenter wp-image-283\" src=\"https:\/\/mgf-lab.mgf-kulmbach.de\/wp-content\/uploads\/2016\/09\/mrbeam2-300x181.jpg\" alt=\"mrbeam2\" width=\"216\" height=\"130\" srcset=\"https:\/\/mgf-lab.mgf-kulmbach.de\/wp-content\/uploads\/2016\/09\/mrbeam2-300x181.jpg 300w, https:\/\/mgf-lab.mgf-kulmbach.de\/wp-content\/uploads\/2016\/09\/mrbeam2-497x300.jpg 497w, https:\/\/mgf-lab.mgf-kulmbach.de\/wp-content\/uploads\/2016\/09\/mrbeam2.jpg 560w\" sizes=\"(max-width: 216px) 100vw, 216px\" \/><\/a>M\u00f6glich gemacht wurde uns diese Anschaffung durch den Lions Club Bayreuth-Kulmbach.<\/p>\n<p>&nbsp;<\/p>\n<p>&nbsp;<\/p>\n<p>&nbsp;<\/p>\n<p>&nbsp;<\/p>\n","protected":false},"excerpt":{"rendered":"<p>In unserem MGF-Lab steht seit M\u00e4rz 2018 ein\u00a0 Mr. Beam II Lasercutter. Der Laserschneider und -gravierer arbeitet mit einem 5W Festk\u00f6rperlaser, der im sichtbaren blauen Wellenl\u00e4ngenbereich emittiert. M\u00f6glich gemacht wurde uns diese Anschaffung durch den Lions Club Bayreuth-Kulmbach. &nbsp; &nbsp; &nbsp; &nbsp;<\/p>\n","protected":false},"author":1,"featured_media":0,"parent":98,"menu_order":0,"comment_status":"closed","ping_status":"closed","template":"sidebar-page.php","meta":[],"_links":{"self":[{"href":"https:\/\/mgf-lab.mgf-kulmbach.de\/index.php\/wp-json\/wp\/v2\/pages\/134"}],"collection":[{"href":"https:\/\/mgf-lab.mgf-kulmbach.de\/index.php\/wp-json\/wp\/v2\/pages"}],"about":[{"href":"https:\/\/mgf-lab.mgf-kulmbach.de\/index.php\/wp-json\/wp\/v2\/types\/page"}],"author":[{"embeddable":true,"href":"https:\/\/mgf-lab.mgf-kulmbach.de\/index.php\/wp-json\/wp\/v2\/users\/1"}],"replies":[{"embeddable":true,"href":"https:\/\/mgf-lab.mgf-kulmbach.de\/index.php\/wp-json\/wp\/v2\/comments?post=134"}],"version-history":[{"count":14,"href":"https:\/\/mgf-lab.mgf-kulmbach.de\/index.php\/wp-json\/wp\/v2\/pages\/134\/revisions"}],"predecessor-version":[{"id":1091,"href":"https:\/\/mgf-lab.mgf-kulmbach.de\/index.php\/wp-json\/wp\/v2\/pages\/134\/revisions\/1091"}],"up":[{"embeddable":true,"href":"https:\/\/mgf-lab.mgf-kulmbach.de\/index.php\/wp-json\/wp\/v2\/pages\/98"}],"wp:attachment":[{"href":"https:\/\/mgf-lab.mgf-kulmbach.de\/index.php\/wp-json\/wp\/v2\/media?parent=134"}],"curies":[{"name":"wp","href":"https:\/\/api.w.org\/{rel}","templated":true}]}}