{"id":118,"date":"2016-09-17T18:08:45","date_gmt":"2016-09-17T17:08:45","guid":{"rendered":"http:\/\/192.168.0.3\/wordpress\/?page_id=118"},"modified":"2021-12-13T22:50:21","modified_gmt":"2021-12-13T20:50:21","slug":"mechanik","status":"publish","type":"page","link":"https:\/\/mgf-lab.mgf-kulmbach.de\/index.php\/ausstattung\/mechanik\/","title":{"rendered":"Mechanik"},"content":{"rendered":"<p style=\"text-align: justify;\">Zur mechanischen Bearbeitung von Werkst\u00fccken stehen uns Werkb\u00e4nke und reichhaltig Werkzeuge zur Verf\u00fcgung. St\u00e4nderbohmaschine, Akkuschrauber, Entgrater, Schleifscheibe, Feilen, S\u00e4gen, Schraubst\u00f6cke, Schraubendreher und Bohrer k\u00f6nnen zur Verfeinerung von 3D-Drucken und zum Aufbau eigener mechanischer Objekte genutzt werden.<\/p>\n<p><a href=\"https:\/\/mgf-lab.mgf-kulmbach.de\/wp-content\/uploads\/2016\/09\/IMG_2441.jpg\"><img decoding=\"async\" loading=\"lazy\" class=\"wp-image-304 aligncenter\" src=\"https:\/\/mgf-lab.mgf-kulmbach.de\/wp-content\/uploads\/2016\/09\/IMG_2441-300x224.jpg\" alt=\"IMG_2441\" width=\"216\" height=\"166\" \/><\/a><\/p>\n<p style=\"text-align: justify;\">\n","protected":false},"excerpt":{"rendered":"<p>Zur mechanischen Bearbeitung von Werkst\u00fccken stehen uns Werkb\u00e4nke und reichhaltig Werkzeuge zur Verf\u00fcgung. St\u00e4nderbohmaschine, Akkuschrauber, Entgrater, Schleifscheibe, Feilen, S\u00e4gen, Schraubst\u00f6cke, Schraubendreher und Bohrer k\u00f6nnen zur Verfeinerung von 3D-Drucken und zum Aufbau eigener mechanischer Objekte genutzt werden.<\/p>\n","protected":false},"author":1,"featured_media":0,"parent":98,"menu_order":0,"comment_status":"closed","ping_status":"closed","template":"sidebar-page.php","meta":[],"_links":{"self":[{"href":"https:\/\/mgf-lab.mgf-kulmbach.de\/index.php\/wp-json\/wp\/v2\/pages\/118"}],"collection":[{"href":"https:\/\/mgf-lab.mgf-kulmbach.de\/index.php\/wp-json\/wp\/v2\/pages"}],"about":[{"href":"https:\/\/mgf-lab.mgf-kulmbach.de\/index.php\/wp-json\/wp\/v2\/types\/page"}],"author":[{"embeddable":true,"href":"https:\/\/mgf-lab.mgf-kulmbach.de\/index.php\/wp-json\/wp\/v2\/users\/1"}],"replies":[{"embeddable":true,"href":"https:\/\/mgf-lab.mgf-kulmbach.de\/index.php\/wp-json\/wp\/v2\/comments?post=118"}],"version-history":[{"count":5,"href":"https:\/\/mgf-lab.mgf-kulmbach.de\/index.php\/wp-json\/wp\/v2\/pages\/118\/revisions"}],"predecessor-version":[{"id":2110,"href":"https:\/\/mgf-lab.mgf-kulmbach.de\/index.php\/wp-json\/wp\/v2\/pages\/118\/revisions\/2110"}],"up":[{"embeddable":true,"href":"https:\/\/mgf-lab.mgf-kulmbach.de\/index.php\/wp-json\/wp\/v2\/pages\/98"}],"wp:attachment":[{"href":"https:\/\/mgf-lab.mgf-kulmbach.de\/index.php\/wp-json\/wp\/v2\/media?parent=118"}],"curies":[{"name":"wp","href":"https:\/\/api.w.org\/{rel}","templated":true}]}}