{"id":116,"date":"2016-09-17T18:08:14","date_gmt":"2016-09-17T17:08:14","guid":{"rendered":"http:\/\/192.168.0.3\/wordpress\/?page_id=116"},"modified":"2021-12-13T22:49:34","modified_gmt":"2021-12-13T20:49:34","slug":"elektronik","status":"publish","type":"page","link":"https:\/\/mgf-lab.mgf-kulmbach.de\/index.php\/ausstattung\/elektronik\/","title":{"rendered":"Elektronik"},"content":{"rendered":"<p style=\"text-align: justify;\">F\u00fcr Elektronikprojekte besitzen wir einen Elektronikarbeitsplatz mit Weller L\u00f6tstation, Entl\u00f6tstation, digitalem Oszilloskop (sowohl rein softwaregest\u00fctzt durch ein Digilent Electronic Explorer Set als auch ein DSO Siglent SDS1202X-E) und Funktionsgenerator. Prototypen k\u00f6nnen durch vorhandene Arduino-Microcontrollerboards, ATTinys oder Wemos D1 mini Boards (ESP8266) mit einer reichhaltigen Auswahl an Sensoren und Aktoren aufgebaut und getestet werden.<\/p>\n<p><a href=\"https:\/\/mgf-lab.mgf-kulmbach.de\/wp-content\/uploads\/2016\/09\/IMG_2448.jpg\"><img decoding=\"async\" loading=\"lazy\" class=\"alignnone wp-image-307\" src=\"https:\/\/mgf-lab.mgf-kulmbach.de\/wp-content\/uploads\/2016\/09\/IMG_2448-300x224.jpg\" alt=\"IMG_2448\" width=\"216\" height=\"161\" srcset=\"https:\/\/mgf-lab.mgf-kulmbach.de\/wp-content\/uploads\/2016\/09\/IMG_2448-300x224.jpg 300w, https:\/\/mgf-lab.mgf-kulmbach.de\/wp-content\/uploads\/2016\/09\/IMG_2448-768x574.jpg 768w, https:\/\/mgf-lab.mgf-kulmbach.de\/wp-content\/uploads\/2016\/09\/IMG_2448-1024x765.jpg 1024w, https:\/\/mgf-lab.mgf-kulmbach.de\/wp-content\/uploads\/2016\/09\/IMG_2448-402x300.jpg 402w\" sizes=\"(max-width: 216px) 100vw, 216px\" \/><\/a>\u00a0 <a href=\"https:\/\/mgf-lab.mgf-kulmbach.de\/wp-content\/uploads\/2016\/09\/IMG_2447.jpg\"><img decoding=\"async\" loading=\"lazy\" class=\"alignnone wp-image-306\" src=\"https:\/\/mgf-lab.mgf-kulmbach.de\/wp-content\/uploads\/2016\/09\/IMG_2447-300x224.jpg\" alt=\"IMG_2447\" width=\"216\" height=\"161\" srcset=\"https:\/\/mgf-lab.mgf-kulmbach.de\/wp-content\/uploads\/2016\/09\/IMG_2447-300x224.jpg 300w, https:\/\/mgf-lab.mgf-kulmbach.de\/wp-content\/uploads\/2016\/09\/IMG_2447-768x574.jpg 768w, https:\/\/mgf-lab.mgf-kulmbach.de\/wp-content\/uploads\/2016\/09\/IMG_2447-1024x765.jpg 1024w, https:\/\/mgf-lab.mgf-kulmbach.de\/wp-content\/uploads\/2016\/09\/IMG_2447-402x300.jpg 402w\" sizes=\"(max-width: 216px) 100vw, 216px\" \/><\/a>\u00a0 <a href=\"https:\/\/mgf-lab.mgf-kulmbach.de\/wp-content\/uploads\/2016\/09\/IMG_2444.jpg\"><img decoding=\"async\" loading=\"lazy\" class=\"wp-image-305 alignnone\" src=\"https:\/\/mgf-lab.mgf-kulmbach.de\/wp-content\/uploads\/2016\/09\/IMG_2444-300x224.jpg\" alt=\"IMG_2444\" width=\"216\" height=\"161\" srcset=\"https:\/\/mgf-lab.mgf-kulmbach.de\/wp-content\/uploads\/2016\/09\/IMG_2444-300x224.jpg 300w, https:\/\/mgf-lab.mgf-kulmbach.de\/wp-content\/uploads\/2016\/09\/IMG_2444-768x574.jpg 768w, https:\/\/mgf-lab.mgf-kulmbach.de\/wp-content\/uploads\/2016\/09\/IMG_2444-1024x765.jpg 1024w, https:\/\/mgf-lab.mgf-kulmbach.de\/wp-content\/uploads\/2016\/09\/IMG_2444-402x300.jpg 402w\" sizes=\"(max-width: 216px) 100vw, 216px\" \/><\/a>\u00a0 <a><img decoding=\"async\" loading=\"lazy\" class=\"wp-image-830 size-medium alignnone\" src=\"https:\/\/mgf-lab.mgf-kulmbach.de\/wp-content\/uploads\/2017\/10\/Siglent-300x233.jpg\" alt=\"Siglent\" width=\"216\" height=\"161\" \/><\/a><\/p>\n","protected":false},"excerpt":{"rendered":"<p>F\u00fcr Elektronikprojekte besitzen wir einen Elektronikarbeitsplatz mit Weller L\u00f6tstation, Entl\u00f6tstation, digitalem Oszilloskop (sowohl rein softwaregest\u00fctzt durch ein Digilent Electronic Explorer Set als auch ein DSO Siglent SDS1202X-E) und Funktionsgenerator. Prototypen k\u00f6nnen durch vorhandene Arduino-Microcontrollerboards, ATTinys oder Wemos D1 mini Boards (ESP8266) mit einer reichhaltigen Auswahl an Sensoren und Aktoren aufgebaut und getestet werden. \u00a0 \u00a0 \u00a0<\/p>\n","protected":false},"author":1,"featured_media":0,"parent":98,"menu_order":0,"comment_status":"closed","ping_status":"closed","template":"sidebar-page.php","meta":[],"_links":{"self":[{"href":"https:\/\/mgf-lab.mgf-kulmbach.de\/index.php\/wp-json\/wp\/v2\/pages\/116"}],"collection":[{"href":"https:\/\/mgf-lab.mgf-kulmbach.de\/index.php\/wp-json\/wp\/v2\/pages"}],"about":[{"href":"https:\/\/mgf-lab.mgf-kulmbach.de\/index.php\/wp-json\/wp\/v2\/types\/page"}],"author":[{"embeddable":true,"href":"https:\/\/mgf-lab.mgf-kulmbach.de\/index.php\/wp-json\/wp\/v2\/users\/1"}],"replies":[{"embeddable":true,"href":"https:\/\/mgf-lab.mgf-kulmbach.de\/index.php\/wp-json\/wp\/v2\/comments?post=116"}],"version-history":[{"count":10,"href":"https:\/\/mgf-lab.mgf-kulmbach.de\/index.php\/wp-json\/wp\/v2\/pages\/116\/revisions"}],"predecessor-version":[{"id":2109,"href":"https:\/\/mgf-lab.mgf-kulmbach.de\/index.php\/wp-json\/wp\/v2\/pages\/116\/revisions\/2109"}],"up":[{"embeddable":true,"href":"https:\/\/mgf-lab.mgf-kulmbach.de\/index.php\/wp-json\/wp\/v2\/pages\/98"}],"wp:attachment":[{"href":"https:\/\/mgf-lab.mgf-kulmbach.de\/index.php\/wp-json\/wp\/v2\/media?parent=116"}],"curies":[{"name":"wp","href":"https:\/\/api.w.org\/{rel}","templated":true}]}}