{"id":110,"date":"2016-09-17T18:05:59","date_gmt":"2016-09-17T17:05:59","guid":{"rendered":"http:\/\/192.168.0.3\/wordpress\/?page_id=110"},"modified":"2018-09-01T13:24:23","modified_gmt":"2018-09-01T11:24:23","slug":"3d-scanner","status":"publish","type":"page","link":"https:\/\/mgf-lab.mgf-kulmbach.de\/index.php\/ausstattung\/3d-scanner\/","title":{"rendered":"3D-Scanner"},"content":{"rendered":"<p style=\"text-align: justify;\">An 3D-Scanner stehen uns f\u00fcr verschieden gro\u00dfe Objekte ein Laserlinienscanner\u00a0FabScan 100 der RWTH Aachen und ein Tiefenscanner Kinect for Windows V2 zur Verf\u00fcgung.<\/p>\n<p style=\"text-align: justify;\">Zu Beginn des MGF-Lab sprachen wir unseren Laserlinienscanner <a href=\"http:\/\/hci.rwth-aachen.de\/fabscan_software\">softwareseitig<\/a> unter <a href=\"https:\/\/mgf-lab.mgf-kulmbach.de\/wp-content\/uploads\/2018\/09\/FabscanPi.jpg\"><img decoding=\"async\" loading=\"lazy\" class=\"alignright wp-image-1220\" src=\"https:\/\/mgf-lab.mgf-kulmbach.de\/wp-content\/uploads\/2018\/09\/FabscanPi-150x150.jpg\" alt=\"FabscanPi\" width=\"216\" height=\"324\" srcset=\"https:\/\/mgf-lab.mgf-kulmbach.de\/wp-content\/uploads\/2018\/09\/FabscanPi-200x300.jpg 200w, https:\/\/mgf-lab.mgf-kulmbach.de\/wp-content\/uploads\/2018\/09\/FabscanPi.jpg 320w\" sizes=\"(max-width: 216px) 100vw, 216px\" \/><\/a>Ubuntu oder unter Windows mit dem Programm von <a href=\"http:\/\/wolfgangschmidt.info\/simple3dscan\/\">Wolfgang Schmidt<\/a> an. Aktuell wurde das Upgrade auf den FabScan Pi eingebaut. Dabei ersetzten wir den Steuerrechner durch einen RaspberryPi, verbauten die im Vergleich zur ehemaligen Webcam bessere PiCam und setzten auch laufruhigere Motortreiber ein. Nach diesem Umbau stellt der FabScan Pi per eigenem WLAN eine browserbasierte bedienerfreundliche Oberfl\u00e4che zur Verf\u00fcgung.<\/p>\n<p style=\"text-align: justify;\">Als Scanner zum dreidimensionalen Erfassen gr\u00f6\u00dferer Objekte wie Personen oder R\u00e4ume verwenden wir einen Kinect for Windows V2 Tiefenscanner, den wir mit einem selbst <a href=\"https:\/\/mgf-lab.mgf-kulmbach.de\/wp-content\/uploads\/2016\/09\/IMG_2438.jpg\"><img decoding=\"async\" loading=\"lazy\" class=\"alignright wp-image-302\" src=\"https:\/\/mgf-lab.mgf-kulmbach.de\/wp-content\/uploads\/2016\/09\/IMG_2438-300x224.jpg\" alt=\"IMG_2438\" width=\"216\" height=\"161\" srcset=\"https:\/\/mgf-lab.mgf-kulmbach.de\/wp-content\/uploads\/2016\/09\/IMG_2438-300x224.jpg 300w, https:\/\/mgf-lab.mgf-kulmbach.de\/wp-content\/uploads\/2016\/09\/IMG_2438-768x574.jpg 768w, https:\/\/mgf-lab.mgf-kulmbach.de\/wp-content\/uploads\/2016\/09\/IMG_2438-1024x765.jpg 1024w, https:\/\/mgf-lab.mgf-kulmbach.de\/wp-content\/uploads\/2016\/09\/IMG_2438-402x300.jpg 402w\" sizes=\"(max-width: 216px) 100vw, 216px\" \/><\/a>gedruckten Griff versehen haben. Die Daten werden \u00fcber die Software Skanect erfasst und dann im Rechner weiterverarbeitet.<\/p>\n","protected":false},"excerpt":{"rendered":"<p>An 3D-Scanner stehen uns f\u00fcr verschieden gro\u00dfe Objekte ein Laserlinienscanner\u00a0FabScan 100 der RWTH Aachen und ein Tiefenscanner Kinect for Windows V2 zur Verf\u00fcgung. Zu Beginn des MGF-Lab sprachen wir unseren Laserlinienscanner softwareseitig unter Ubuntu oder unter Windows mit dem Programm von Wolfgang Schmidt an. Aktuell wurde das Upgrade auf den FabScan Pi eingebaut. Dabei ersetzten wir den Steuerrechner durch einen RaspberryPi, verbauten die im Vergleich zur ehemaligen Webcam bessere PiCam und setzten auch laufruhigere Motortreiber ein. Nach diesem Umbau stellt&#8230;<\/p>\n<p class=\"read-more\"><a class=\"btn btn-default\" href=\"https:\/\/mgf-lab.mgf-kulmbach.de\/index.php\/ausstattung\/3d-scanner\/\">Weiterlesen<span class=\"screen-reader-text\"> Weiterlesen<\/span><\/a><\/p>\n","protected":false},"author":1,"featured_media":0,"parent":98,"menu_order":0,"comment_status":"closed","ping_status":"closed","template":"sidebar-page.php","meta":[],"_links":{"self":[{"href":"https:\/\/mgf-lab.mgf-kulmbach.de\/index.php\/wp-json\/wp\/v2\/pages\/110"}],"collection":[{"href":"https:\/\/mgf-lab.mgf-kulmbach.de\/index.php\/wp-json\/wp\/v2\/pages"}],"about":[{"href":"https:\/\/mgf-lab.mgf-kulmbach.de\/index.php\/wp-json\/wp\/v2\/types\/page"}],"author":[{"embeddable":true,"href":"https:\/\/mgf-lab.mgf-kulmbach.de\/index.php\/wp-json\/wp\/v2\/users\/1"}],"replies":[{"embeddable":true,"href":"https:\/\/mgf-lab.mgf-kulmbach.de\/index.php\/wp-json\/wp\/v2\/comments?post=110"}],"version-history":[{"count":13,"href":"https:\/\/mgf-lab.mgf-kulmbach.de\/index.php\/wp-json\/wp\/v2\/pages\/110\/revisions"}],"predecessor-version":[{"id":1221,"href":"https:\/\/mgf-lab.mgf-kulmbach.de\/index.php\/wp-json\/wp\/v2\/pages\/110\/revisions\/1221"}],"up":[{"embeddable":true,"href":"https:\/\/mgf-lab.mgf-kulmbach.de\/index.php\/wp-json\/wp\/v2\/pages\/98"}],"wp:attachment":[{"href":"https:\/\/mgf-lab.mgf-kulmbach.de\/index.php\/wp-json\/wp\/v2\/media?parent=110"}],"curies":[{"name":"wp","href":"https:\/\/api.w.org\/{rel}","templated":true}]}}