{"id":102,"date":"2016-09-17T17:57:57","date_gmt":"2016-09-17T16:57:57","guid":{"rendered":"http:\/\/192.168.0.3\/wordpress\/?page_id=102"},"modified":"2018-11-02T14:17:24","modified_gmt":"2018-11-02T12:17:24","slug":"geschichte","status":"publish","type":"page","link":"https:\/\/mgf-lab.mgf-kulmbach.de\/index.php\/startseite\/geschichte\/","title":{"rendered":"Geschichte"},"content":{"rendered":"<p style=\"text-align: justify;\">Die Idee des MGF-Lab entstand 2015 w\u00e4hrend der Abiturientenausbildungsmesse ABITURA am MGF. An einem Stand der Universit\u00e4t Bayreuth f\u00fchrte der damalige Student <a href=\"http:\/\/hypecask.com\/team-member\/florian-horsch\/\" target=\"_blank\">Florian Horsch<\/a> seinen selbstgebauten Delta Tower 3D-Drucker vor.\u00a0 Da seine Demonstration auch bei unserer Schulleitung enormen Zuspruch fand, konnten durch die finanzielle Hilfe des F\u00f6rderervereins bald Baus\u00e4tze f\u00fcr 3 Ultimaker+ 3D-Drucker angeschafft werden. Florians pers\u00f6nliche Ratschl\u00e4ge und sein Buch <a href=\"http:\/\/hypecask.com\/portfolio-item\/3dprintingbook\/\" target=\"_blank\">&#8222;3D-Druck f\u00fcr alle&#8220;<\/a> legten die Basis f\u00fcr den erfolgreichen Zusammenbau der Drucker durch unsere Sch\u00fclerinnen und Sch\u00fcler und somit war unser<strong> M<\/strong>ind-<strong>G<\/strong>rowing-<strong>F<\/strong>abulous<strong>-Lab <\/strong>alsbald aus der Taufe gehoben.<\/p>\n<p style=\"text-align: justify;\">Die Ausrichtung unseres MGF-Labs orientiert sich an den weltweit eingerichteten <a href=\"https:\/\/de.wikipedia.org\/wiki\/FabLab\" target=\"_blank\">FabLabs<\/a>, wenngleich wir an der Schule nicht f\u00fcr die Allgemeinheit ge\u00f6ffnet haben k\u00f6nnen. Die sozialen und kulturellen Aspekte der Fab-Charta sollen aber auch bei uns gelten und das Lab in gegenseitiger R\u00fccksichtnahme und respektvollem Miteinander allen Sch\u00fclerinnen und Sch\u00fclern offen stehen.<\/p>\n<p style=\"text-align: justify;\">Um auch die M\u00f6glichkeiten eines offiziellen FabLabs nachbilden zu k\u00f6nnen folgte bald nach der Gr\u00fcndung die sukzessive Aufr\u00fcstung der <a href=\"https:\/\/mgf-lab.mgf-kulmbach.de\/index.php\/ausstattung\/\">Ger\u00e4tschaften<\/a>. Laptops wurden organisiert, ein Laserlinienscanner und ein Tiefenscanner wurden angeschafft und selber aufgebaut, diverse mechanische Werkzeuge wie Feilen, Schraubendreher, Zange, Akkuschrauber, St\u00e4nderbohrmaschine und vieles andere mehr konnten durch gro\u00dfz\u00fcgige Spenden von zwei heimischen Unternehmen angeschafft werden. Und seit 2018 sind wir auch stolze Besitzer eines Lasercutters, dessen Anschaffung uns der Lionsclub Bayreuth-Kulmbach erm\u00f6glicht hat.<\/p>\n<p style=\"text-align: justify;\">Und nun geht es also in die Vollen. Viele Projekte und eigene Ideen unserer Sch\u00fclerinnen und Sch\u00fcler warten darauf gem\u00e4\u00df unseres <a href=\"https:\/\/mgf-lab.mgf-kulmbach.de\/index.php\/startseite\/leitgedanke\/\">Leitgedankens<\/a> umgesetzt zu werden. Als <a href=\"http:\/\/www.mintzukunftschaffen.de\/\" target=\"_blank\">MINT-freundliche Schule<\/a>, die wir seit 2014 offiziell sind, freuen wir uns, unseren technikbegeisterten Sch\u00fclerinnen und Sch\u00fclern eine M\u00f6glichkeit zu bieten, sich auszuprobieren und am Puls der Zeit mitentwickeln zu k\u00f6nnen.<\/p>\n","protected":false},"excerpt":{"rendered":"<p>Die Idee des MGF-Lab entstand 2015 w\u00e4hrend der Abiturientenausbildungsmesse ABITURA am MGF. An einem Stand der Universit\u00e4t Bayreuth f\u00fchrte der damalige Student Florian Horsch seinen selbstgebauten Delta Tower 3D-Drucker vor.\u00a0 Da seine Demonstration auch bei unserer Schulleitung enormen Zuspruch fand, konnten durch die finanzielle Hilfe des F\u00f6rderervereins bald Baus\u00e4tze f\u00fcr 3 Ultimaker+ 3D-Drucker angeschafft werden. Florians pers\u00f6nliche Ratschl\u00e4ge und sein Buch &#8222;3D-Druck f\u00fcr alle&#8220; legten die Basis f\u00fcr den erfolgreichen Zusammenbau der Drucker durch unsere Sch\u00fclerinnen und Sch\u00fcler und somit&#8230;<\/p>\n<p class=\"read-more\"><a class=\"btn btn-default\" href=\"https:\/\/mgf-lab.mgf-kulmbach.de\/index.php\/startseite\/geschichte\/\">Weiterlesen<span class=\"screen-reader-text\"> Weiterlesen<\/span><\/a><\/p>\n","protected":false},"author":1,"featured_media":0,"parent":75,"menu_order":0,"comment_status":"closed","ping_status":"closed","template":"sidebar-page.php","meta":[],"_links":{"self":[{"href":"https:\/\/mgf-lab.mgf-kulmbach.de\/index.php\/wp-json\/wp\/v2\/pages\/102"}],"collection":[{"href":"https:\/\/mgf-lab.mgf-kulmbach.de\/index.php\/wp-json\/wp\/v2\/pages"}],"about":[{"href":"https:\/\/mgf-lab.mgf-kulmbach.de\/index.php\/wp-json\/wp\/v2\/types\/page"}],"author":[{"embeddable":true,"href":"https:\/\/mgf-lab.mgf-kulmbach.de\/index.php\/wp-json\/wp\/v2\/users\/1"}],"replies":[{"embeddable":true,"href":"https:\/\/mgf-lab.mgf-kulmbach.de\/index.php\/wp-json\/wp\/v2\/comments?post=102"}],"version-history":[{"count":12,"href":"https:\/\/mgf-lab.mgf-kulmbach.de\/index.php\/wp-json\/wp\/v2\/pages\/102\/revisions"}],"predecessor-version":[{"id":1348,"href":"https:\/\/mgf-lab.mgf-kulmbach.de\/index.php\/wp-json\/wp\/v2\/pages\/102\/revisions\/1348"}],"up":[{"embeddable":true,"href":"https:\/\/mgf-lab.mgf-kulmbach.de\/index.php\/wp-json\/wp\/v2\/pages\/75"}],"wp:attachment":[{"href":"https:\/\/mgf-lab.mgf-kulmbach.de\/index.php\/wp-json\/wp\/v2\/media?parent=102"}],"curies":[{"name":"wp","href":"https:\/\/api.w.org\/{rel}","templated":true}]}}